{"id":2497,"date":"2024-10-17T11:20:12","date_gmt":"2024-10-17T10:20:12","guid":{"rendered":"https:\/\/beautydiva.in\/?product=lakme-perfecting-liquid-foundation-lakme-perfecting-liquid-foundation"},"modified":"2024-10-17T11:20:15","modified_gmt":"2024-10-17T10:20:15","slug":"lakme-perfecting-liquid-foundation-lakme-perfecting-liquid-foundation","status":"publish","type":"product","link":"https:\/\/beautydiva.in\/?product=lakme-perfecting-liquid-foundation-lakme-perfecting-liquid-foundation","title":{"rendered":"Lakme Perfecting Liquid Foundation &#038; Lakme Perfecting Liquid Foundation"},"content":{"rendered":"<p>Price: <span style=\"color:#b12704\"><del>\u20b9359<\/del> - \u20b9324.00<\/span><br \/><i><small>(as of Oct 17, 2024 10:20:15 UTC &#8211; <span class=\"wp_automatic_amazon_disclaimer\" title=\"Product prices and availability are accurate as of the date\/time indicated and are subject to change. Any price and availability information displayed on [relevant Amazon Site(s), as applicable] at the time of purchase will apply to the purchase of this product.\">Details<\/span>)<\/small><\/i><\/p>\n<p><a href=\"https:\/\/amazon.in\/dp\/B08378NF1K?tag=dealonline02-21\"><\/a><br \/>\n<br \/>\n <span>Lakm\u00e9 Perfecting Liquid Foundation, Coral, 27mlSport a dazzling glow, wherever you go, with the Lakm\u00e9 Perfecting Liquid Foundation. An integral part of your face makeup, this liquid based foundation spreads evenly to cover spots, blemishes, dark circles and patchy skin tone. It is formulated to be water-resistant, smudge free and long lasting. This foundation is available in a small bottle that\u2019s easy to carry. The Perfecting Liquid Foundation blends easily into your skin to create a soft, glowing and feather like finish. A water-resistant oil-free formula provides superior coverage. The foundation contains Vitamin E that soothes and moisturizes the skin. It also has silicones which help in easy application, spreading evenly for an even toned look. The packaging has remained unchanged over the years, and this bottle is synonymous with the word \u201cfoundation\u201d for many till now. The formulation is light and easily blendable. Get that instant perfection with the Lakm\u00e9 Perfecting Liquid Foundation right away!Lakm\u00e9 Perfecting Liquid Foundation, Shell, 27mlSport a dazzling glow, wherever you go, with the Lakm\u00e9 Perfecting Liquid Foundation. An integral part of your face makeup, this liquid based foundation spreads evenly to cover spots, blemishes, dark circles and patchy skin tone. It is formulated to be water-resistant, smudge free and long lasting. This foundation is available in a small bottle that\u2019s easy to carry. The Perfecting Liquid Foundation blends easily into your skin to create a soft, glowing and feather like finish. A water-resistant oil-free formula provides superior coverage. The foundation contains Vitamin E that soothes and moisturizes the skin. It also has silicones which help in easy application, spreading evenly for an even toned look. The packaging has remained unchanged over the years, and this bottle is synonymous with the word \u201cfoundation\u201d for many till now. The formulation is light and easily blendable. Get that instant perfection with the Lakm\u00e9 Perfecting Liquid Foundation right away!<\/span>  <br \/> Date First Available                                    \u200f                                        :                                    \u200e                                 24 April 2022 <br \/> Manufacturer                                    \u200f                                        :                                    \u200e                                 HUL <br \/> ASIN                                    \u200f                                        :                                    \u200e                                 B08378NF1K <br \/> Country of Origin                                    \u200f                                        :                                    \u200e                                 China <br \/> Manufacturer                                    \u200f                                        :                                    \u200e                                 HUL <br \/> Net Quantity                                    \u200f                                        :                                    \u200e                                 2 count <\/p>\n<p>Vitamin E and silicone<br \/>Water resistant<br \/>Blends effortlessly<br \/>Spreads evenly to cover spots and blemishes<br \/>Vitamin E and silicone<br \/>Water resistant<\/p>\n\n","protected":false},"excerpt":{"rendered":"<p> Lakm\u00e9 Perfecting Liquid Foundation, Coral, 27mlSport a dazzling glow, wherever you go, with the Lakm\u00e9 Perfecting Liquid Foundation. An integral part of your face makeup, this liquid based foundation spreads evenly to cover spots, blemishes, dark circles and patchy skin tone. It is formulated to be water-resistant, smudge free and [&hellip;]<\/p>\n","protected":false},"featured_media":2498,"comment_status":"open","ping_status":"closed","template":"","meta":{"om_disable_all_campaigns":false},"product_brand":[],"product_cat":[18],"product_tag":[34],"class_list":{"0":"post-2497","1":"product","2":"type-product","3":"status-publish","4":"has-post-thumbnail","6":"product_cat-uncategorized","7":"product_tag-lakme-foundation","9":"first","10":"instock","11":"sale","12":"shipping-taxable","13":"product-type-external"},"aioseo_notices":[],"_links":{"self":[{"href":"https:\/\/beautydiva.in\/index.php?rest_route=\/wp\/v2\/product\/2497","targetHints":{"allow":["GET"]}}],"collection":[{"href":"https:\/\/beautydiva.in\/index.php?rest_route=\/wp\/v2\/product"}],"about":[{"href":"https:\/\/beautydiva.in\/index.php?rest_route=\/wp\/v2\/types\/product"}],"replies":[{"embeddable":true,"href":"https:\/\/beautydiva.in\/index.php?rest_route=%2Fwp%2Fv2%2Fcomments&post=2497"}],"wp:featuredmedia":[{"embeddable":true,"href":"https:\/\/beautydiva.in\/index.php?rest_route=\/wp\/v2\/media\/2498"}],"wp:attachment":[{"href":"https:\/\/beautydiva.in\/index.php?rest_route=%2Fwp%2Fv2%2Fmedia&parent=2497"}],"wp:term":[{"taxonomy":"product_brand","embeddable":true,"href":"https:\/\/beautydiva.in\/index.php?rest_route=%2Fwp%2Fv2%2Fproduct_brand&post=2497"},{"taxonomy":"product_cat","embeddable":true,"href":"https:\/\/beautydiva.in\/index.php?rest_route=%2Fwp%2Fv2%2Fproduct_cat&post=2497"},{"taxonomy":"product_tag","embeddable":true,"href":"https:\/\/beautydiva.in\/index.php?rest_route=%2Fwp%2Fv2%2Fproduct_tag&post=2497"}],"curies":[{"name":"wp","href":"https:\/\/api.w.org\/{rel}","templated":true}]}}